{"id":217,"date":"2025-06-07T18:59:31","date_gmt":"2025-06-07T16:59:31","guid":{"rendered":"https:\/\/andreasdelelienne.be\/?page_id=217"},"modified":"2025-06-08T18:57:41","modified_gmt":"2025-06-08T16:57:41","slug":"la-facecam","status":"publish","type":"page","link":"https:\/\/andreasdelelienne.be\/index.php\/la-facecam\/","title":{"rendered":"Le face cam\u00e9ra"},"content":{"rendered":"\n<p>Qui suis-je ? D\u00e9couvrez mes ambitions, mes exp\u00e9riences, mes comp\u00e9tences et bien d&#8217;autres dans mon face cam\u00e9ra !<\/p>\n\n\n","protected":false},"excerpt":{"rendered":"<p>Qui suis-je ? D\u00e9couvrez mes ambitions, mes exp\u00e9riences, mes comp\u00e9tences et bien d&#8217;autres dans mon face cam\u00e9ra !<\/p>\n","protected":false},"author":1,"featured_media":0,"parent":0,"menu_order":0,"comment_status":"closed","ping_status":"closed","template":"","meta":{"saved_in_kubio":false,"footnotes":""},"class_list":["post-217","page","type-page","status-publish","hentry"],"kubio_ai_page_context":{"short_desc":"","purpose":"general"},"_links":{"self":[{"href":"https:\/\/andreasdelelienne.be\/index.php\/wp-json\/wp\/v2\/pages\/217","targetHints":{"allow":["GET"]}}],"collection":[{"href":"https:\/\/andreasdelelienne.be\/index.php\/wp-json\/wp\/v2\/pages"}],"about":[{"href":"https:\/\/andreasdelelienne.be\/index.php\/wp-json\/wp\/v2\/types\/page"}],"author":[{"embeddable":true,"href":"https:\/\/andreasdelelienne.be\/index.php\/wp-json\/wp\/v2\/users\/1"}],"replies":[{"embeddable":true,"href":"https:\/\/andreasdelelienne.be\/index.php\/wp-json\/wp\/v2\/comments?post=217"}],"version-history":[{"count":4,"href":"https:\/\/andreasdelelienne.be\/index.php\/wp-json\/wp\/v2\/pages\/217\/revisions"}],"predecessor-version":[{"id":330,"href":"https:\/\/andreasdelelienne.be\/index.php\/wp-json\/wp\/v2\/pages\/217\/revisions\/330"}],"wp:attachment":[{"href":"https:\/\/andreasdelelienne.be\/index.php\/wp-json\/wp\/v2\/media?parent=217"}],"curies":[{"name":"wp","href":"https:\/\/api.w.org\/{rel}","templated":true}]}}