{"id":120,"date":"2025-06-06T18:36:57","date_gmt":"2025-06-06T16:36:57","guid":{"rendered":"https:\/\/andreasdelelienne.be\/?page_id=120"},"modified":"2025-06-08T23:11:39","modified_gmt":"2025-06-08T21:11:39","slug":"a-propos","status":"publish","type":"page","link":"https:\/\/andreasdelelienne.be\/index.php\/a-propos\/","title":{"rendered":"\u00c0 propos"},"content":{"rendered":"\n\n\n<p>Je m&#8217;appelle Andreas Delelienne, je suis un \u00e9tudiant communication passionn\u00e9, pr\u00eat \u00e0 faire mes premiers pas dans le monde du travail.<\/p>\n\n\n\n<p>Ma personnalit\u00e9 est marqu\u00e9e par une curiosit\u00e9 insatiable, la positivit\u00e9, la pers\u00e9v\u00e9rance, un amour la pop culture, l&#8217;insolite, l&#8217;\u00e9change, l&#8217;art, les d\u00e9fis &#8230; \u200b<\/p>\n\n\n\n<p>Pendant mon parcours \u00e9tudiant, j&#8217;ai d\u00e9couvert l\u2019importance du bien-\u00eatre au travail, de la collaboration, de l&#8217;esprit critique et de l&#8217;\u00e9coute. M\u00eame si il m&#8217;arrive de partir dans tous les sens, mon approche est toujours r\u00e9fl\u00e9chie, fait preuve de rigueur et de cr\u00e9ativit\u00e9, et toujours avec une volont\u00e9 d&#8217;efficacit\u00e9 et d\u2019innovation.\u200b<\/p>\n\n\n\n<p>En dehors du professionnel, j&#8217;adore l&#8217;art, la nature, me d\u00e9penser, faire du sport, passer du temps avec mes proches, les jeux vid\u00e9os, le cin\u00e9ma, la musique, la cuisine &#8230; Des centres d&#8217;int\u00e9r\u00eat tr\u00e8s vari\u00e9s qui refl\u00e8tent mon esprit joueur et sans cesse en pleine effervescence.<\/p>\n\n\n\n<p>\u200bExplorer mon site, c&#8217;est en savoir plus sur mon parcours, mes projets, me d\u00e9couvrir et voir ce que je peux apporter \u00e0 une \u00e9quipe. <\/p>\n\n\n","protected":false},"excerpt":{"rendered":"<p>Je m&#8217;appelle Andreas Delelienne, je suis un \u00e9tudiant communication passionn\u00e9, pr\u00eat \u00e0 faire mes premiers pas dans le monde du travail. Ma personnalit\u00e9 est marqu\u00e9e par une curiosit\u00e9 insatiable, la positivit\u00e9, la pers\u00e9v\u00e9rance, un amour la pop culture, l&#8217;insolite, l&#8217;\u00e9change, l&#8217;art, les d\u00e9fis &#8230; \u200b Pendant mon parcours \u00e9tudiant, j&#8217;ai d\u00e9couvert l\u2019importance du bien-\u00eatre au [&hellip;]<\/p>\n","protected":false},"author":1,"featured_media":23,"parent":0,"menu_order":0,"comment_status":"closed","ping_status":"closed","template":"","meta":{"saved_in_kubio":true,"footnotes":""},"class_list":["post-120","page","type-page","status-publish","has-post-thumbnail","hentry"],"kubio_ai_page_context":{"short_desc":"","purpose":"general"},"_links":{"self":[{"href":"https:\/\/andreasdelelienne.be\/index.php\/wp-json\/wp\/v2\/pages\/120","targetHints":{"allow":["GET"]}}],"collection":[{"href":"https:\/\/andreasdelelienne.be\/index.php\/wp-json\/wp\/v2\/pages"}],"about":[{"href":"https:\/\/andreasdelelienne.be\/index.php\/wp-json\/wp\/v2\/types\/page"}],"author":[{"embeddable":true,"href":"https:\/\/andreasdelelienne.be\/index.php\/wp-json\/wp\/v2\/users\/1"}],"replies":[{"embeddable":true,"href":"https:\/\/andreasdelelienne.be\/index.php\/wp-json\/wp\/v2\/comments?post=120"}],"version-history":[{"count":9,"href":"https:\/\/andreasdelelienne.be\/index.php\/wp-json\/wp\/v2\/pages\/120\/revisions"}],"predecessor-version":[{"id":435,"href":"https:\/\/andreasdelelienne.be\/index.php\/wp-json\/wp\/v2\/pages\/120\/revisions\/435"}],"wp:featuredmedia":[{"embeddable":true,"href":"https:\/\/andreasdelelienne.be\/index.php\/wp-json\/wp\/v2\/media\/23"}],"wp:attachment":[{"href":"https:\/\/andreasdelelienne.be\/index.php\/wp-json\/wp\/v2\/media?parent=120"}],"curies":[{"name":"wp","href":"https:\/\/api.w.org\/{rel}","templated":true}]}}